{"id":2644,"date":"2023-09-14T10:07:47","date_gmt":"2023-09-14T08:07:47","guid":{"rendered":"https:\/\/aditrea.compsaonline.com\/politica-cookies\/"},"modified":"2023-10-05T16:02:13","modified_gmt":"2023-10-05T14:02:13","slug":"politica-cookies","status":"publish","type":"page","link":"https:\/\/aditrea.com\/ca\/politica-cookies\/","title":{"rendered":"Pol\u00edtica de Cookies"},"content":{"rendered":"<div class=\"fusion-fullwidth fullwidth-box fusion-builder-row-1 fusion-flex-container has-pattern-background has-mask-background nonhundred-percent-fullwidth non-hundred-percent-height-scrolling\" style=\"--awb-border-radius-top-left:0px;--awb-border-radius-top-right:0px;--awb-border-radius-bottom-right:0px;--awb-border-radius-bottom-left:0px;--awb-padding-top:30px;--awb-padding-bottom:40px;--awb-background-image:linear-gradient(180deg, #ffffff 0%,rgba(255,255,255,0.8) 100%);--awb-background-size:cover;\" ><div class=\"fusion-builder-row fusion-row fusion-flex-align-items-center fusion-flex-justify-content-center\" style=\"max-width:1248px;margin-left: calc(-4% \/ 2 );margin-right: calc(-4% \/ 2 );\"><div class=\"fusion-layout-column fusion_builder_column fusion-builder-column-0 fusion_builder_column_4_5 4_5 fusion-flex-column\" style=\"--awb-bg-size:cover;--awb-width-large:80%;--awb-margin-top-large:0px;--awb-spacing-right-large:20px;--awb-margin-bottom-large:0px;--awb-spacing-left-large:20px;--awb-width-medium:40%;--awb-order-medium:0;--awb-spacing-right-medium:70px;--awb-spacing-left-medium:20px;--awb-width-small:100%;--awb-order-small:0;--awb-spacing-right-small:1.92%;--awb-margin-bottom-small:0px;--awb-spacing-left-small:1.92%;\"><div class=\"fusion-column-wrapper fusion-column-has-shadow fusion-flex-justify-content-flex-start fusion-content-layout-column\"><div class=\"fusion-text fusion-text-1 fusion-text-no-margin\" style=\"--awb-margin-bottom:10px;\"><p>Aquesta p\u00e0gina web utilitza cookies per a millorar l\u2019experi\u00e8ncia de l\u2019usuari. A continuaci\u00f3, trobar\u00e0 informaci\u00f3 sobre que s\u00f3n les cookies, quin tipus de cookies utilitza aquesta p\u00e0gina, com pot desactivar les cookies en el seu navegador i com desactivar espec\u00edficament la instal\u00b7laci\u00f3 de cookies de tercers. Si no troba la informaci\u00f3 espec\u00edfica que est\u00e0 buscant, si us plau envi\u00ef un correu a <span style=\"text-decoration: underline;\"><strong>info@aditrea.com<\/strong>.<\/span><\/p>\n<h3 class=\"fusion-responsive-typography-calculated\" data-fontsize=\"27\" data-lineheight=\"35.1px\"><strong>Qu\u00e8 s\u00f3n les cookies?<\/strong><\/h3>\n<p>Les cookies s\u00f3n \u00fatils per diversos motius. Des d\u2019un punt de vista t\u00e8cnic, permeten que les p\u00e0gines web funcionin de forma m\u00e9s \u00e0gil i adaptada a les seves prefer\u00e8ncies, com per exemple emmagatzemar el seu idioma o la moneda del seu pa\u00eds. A m\u00e9s, ajuden als responsables dels llocs web a millorar els serveis que ofereixen, gr\u00e0cies a la informaci\u00f3 estad\u00edstica que recullen a trav\u00e9s d\u2019elles i serveixen per fer m\u00e9s eficient la publicitat que li podem mostrar.<\/p>\n<h3 class=\"fusion-responsive-typography-calculated\" data-fontsize=\"27\" data-lineheight=\"35.1px\"><strong>Quin \u00fas li donem als diferents tipus de cookies?<\/strong><\/h3>\n<p><strong>Cookies de sessi\u00f3:<\/strong>\u00a0Les cookies de sessi\u00f3 s\u00f3n aquelles que duren el temps que l\u2019usuari est\u00e0 navegant per la p\u00e0gina web i s\u2019esborren al finalitzar.<\/p>\n<p><strong>Cookies persistents:<\/strong>\u00a0Aquestes cookies queden emmagatzemades al terminal de l\u2019usuari, per un temps m\u00e9s llarg, facilitant aix\u00ed el control de les prefer\u00e8ncies escollides sense haver de repetir certs par\u00e0metres cada vegada que es visiti el lloc web.<\/p>\n<p><strong>Cookies pr\u00f2pies:<\/strong>\u00a0S\u00f3n cookies creades pel lloc web i que nom\u00e9s pot llegir la pr\u00f2pia p\u00e0gina. Per exemple: cookies t\u00e8cniques per la c\u00e0rrega d\u2019imatges, cookies de personalitzaci\u00f3 de par\u00e0metres de la web, cookies d\u2019an\u00e0lisis de tr\u00e0fic, etc.<\/p>\n<p><strong>Cookies de tercers:<\/strong>\u00a0S\u00f3n cookies creades per tercers i que utilitzem per diferents serveis (per ex. An\u00e0lisis del lloc web o publicitat).<\/p>\n<p>Segons la seva finalitat:<\/p>\n<p><strong>Cookies t\u00e8cniques:<\/strong>\u00a0Les cookies t\u00e8cniques s\u00f3n aquelles imprescindibles i estrictament necess\u00e0ries per al correcte funcionament d\u2019un portal web i la utilitzaci\u00f3 de les diferents opcions i serveis que ofereix. Per exemple, les que serveixen per al manteniment de la sessi\u00f3, la gesti\u00f3 del temps de resposta, rendiment o validaci\u00f3 d\u2019opcions, utilitzar elements de seguretat, compartir contingut en xarxes socials, etc.<\/p>\n<p><strong>Cookies de personalitzaci\u00f3:<\/strong>\u00a0Aquestes cookies permeten a l\u2019usuari especificar o personalitzar algunes caracter\u00edstiques de les opcions generals de la p\u00e0gina web, per exemple, definir l\u2019idioma, configuraci\u00f3 regional o tipus de navegador.<\/p>\n<p><strong>Cookies anal\u00edtiques:<\/strong>\u00a0Les cookies anal\u00edtiques s\u00f3n les utilitzades pel nostre portal web, per elaborar perfils de navegaci\u00f3 i poder con\u00e8ixer les prefer\u00e8ncies dels usuaris del mateix per tal de millorar l\u2019oferta de productes i serveis. Per exemple, mitjan\u00e7ant una cookie anal\u00edtica es controlarien les \u00e0rees geogr\u00e0fiques de major inter\u00e8s d\u2019un usuari, quin \u00e9s el producte de m\u00e9s acceptaci\u00f3, etc.<\/p>\n<p><strong>Cookies publicit\u00e0ries:<\/strong>\u00a0Les cookies publicit\u00e0ries permeten la gesti\u00f3 dels espais publicitaris en base a criteris concrets. Per exemple la freq\u00fc\u00e8ncia d\u2019acc\u00e9s, el contingut editat, etc.Les cookies de publicitat permeten a trav\u00e9s de la gesti\u00f3 de la publicitat emmagatzemar informaci\u00f3 del comportament a trav\u00e9s de l\u2019observaci\u00f3 d\u2019h\u00e0bits, estudiant els accessos i formant un perfil de prefer\u00e8ncies de l\u2019usuari, per oferir publicitat relacionada amb els interessos del seu perfil.<\/p>\n<\/div><\/div><\/div><\/div><\/div>\n","protected":false},"excerpt":{"rendered":"","protected":false},"author":1,"featured_media":2600,"parent":0,"menu_order":0,"comment_status":"closed","ping_status":"closed","template":"100-width.php","meta":{"footnotes":""},"class_list":["post-2644","page","type-page","status-publish","has-post-thumbnail","hentry"],"_links":{"self":[{"href":"https:\/\/aditrea.com\/ca\/wp-json\/wp\/v2\/pages\/2644","targetHints":{"allow":["GET"]}}],"collection":[{"href":"https:\/\/aditrea.com\/ca\/wp-json\/wp\/v2\/pages"}],"about":[{"href":"https:\/\/aditrea.com\/ca\/wp-json\/wp\/v2\/types\/page"}],"author":[{"embeddable":true,"href":"https:\/\/aditrea.com\/ca\/wp-json\/wp\/v2\/users\/1"}],"replies":[{"embeddable":true,"href":"https:\/\/aditrea.com\/ca\/wp-json\/wp\/v2\/comments?post=2644"}],"version-history":[{"count":2,"href":"https:\/\/aditrea.com\/ca\/wp-json\/wp\/v2\/pages\/2644\/revisions"}],"predecessor-version":[{"id":2769,"href":"https:\/\/aditrea.com\/ca\/wp-json\/wp\/v2\/pages\/2644\/revisions\/2769"}],"wp:featuredmedia":[{"embeddable":true,"href":"https:\/\/aditrea.com\/ca\/wp-json\/wp\/v2\/media\/2600"}],"wp:attachment":[{"href":"https:\/\/aditrea.com\/ca\/wp-json\/wp\/v2\/media?parent=2644"}],"curies":[{"name":"wp","href":"https:\/\/api.w.org\/{rel}","templated":true}]}}