{"id":2672,"date":"2023-09-08T10:25:09","date_gmt":"2023-09-08T08:25:09","guid":{"rendered":"https:\/\/aditrea.compsaonline.com\/cocaina\/"},"modified":"2023-09-29T15:43:31","modified_gmt":"2023-09-29T13:43:31","slug":"cocaina","status":"publish","type":"page","link":"https:\/\/aditrea.com\/ca\/addiccions\/cocaina\/","title":{"rendered":"Coca\u00efna"},"content":{"rendered":"<p><div class=\"fusion-fullwidth fullwidth-box fusion-builder-row-1 fusion-flex-container has-pattern-background has-mask-background nonhundred-percent-fullwidth non-hundred-percent-height-scrolling fusion-sticky-container fusion-custom-z-index\" style=\"--awb-background-position:center bottom;--awb-border-sizes-bottom:2px;--awb-border-color:var(--awb-color5);--awb-border-radius-top-left:0px;--awb-border-radius-top-right:0px;--awb-border-radius-bottom-right:0px;--awb-border-radius-bottom-left:0px;--awb-z-index:11;--awb-padding-top:20px;--awb-padding-bottom:20px;--awb-padding-bottom-small:35px;--awb-background-image:linear-gradient(180deg, #ffffff 32%,rgba(255,255,255,0.8) 71%);\" data-transition-offset=\"0\" data-scroll-offset=\"0\" data-sticky-large-visibility=\"1\" ><div class=\"fusion-builder-row fusion-row fusion-flex-align-items-center fusion-flex-justify-content-center\" style=\"max-width:1248px;margin-left: calc(-4% \/ 2 );margin-right: calc(-4% \/ 2 );\"><div class=\"fusion-layout-column fusion_builder_column fusion-builder-column-0 fusion_builder_column_1_1 1_1 fusion-flex-column fusion-flex-align-self-center fusion-animated\" style=\"--awb-padding-bottom-medium:0px;--awb-bg-size:cover;--awb-width-large:100%;--awb-margin-top-large:0px;--awb-spacing-right-large:20px;--awb-margin-bottom-large:0px;--awb-spacing-left-large:20px;--awb-width-medium:60%;--awb-order-medium:0;--awb-spacing-right-medium:20px;--awb-spacing-left-medium:20px;--awb-width-small:100%;--awb-order-small:0;--awb-spacing-right-small:20px;--awb-spacing-left-small:20px;\" data-animationType=\"fadeInRight\" data-animationDuration=\"1.3\" data-animationOffset=\"top-into-view\"><div class=\"fusion-column-wrapper fusion-column-has-shadow fusion-flex-justify-content-space-around fusion-content-layout-row fusion-flex-align-items-center\"><div ><a class=\"fusion-button button-flat fusion-button-default-size button-custom fusion-button-default button-1 fusion-button-default-span fusion-button-default-type\" style=\"--button_accent_color:var(--awb-color8);--button_border_color:var(--awb-color8);--button_accent_hover_color:var(--awb-color1);--button_border_hover_color:var(--awb-color1);--button_gradient_top_color:var(--awb-color3);--button_gradient_bottom_color:var(--awb-color3);--button_gradient_top_color_hover:var(--awb-color5);--button_gradient_bottom_color_hover:var(--awb-color5);--button_font_size:15px;--button_margin-top:10px;--button_margin-right:10px;--button_margin-bottom:10px;--button_margin-left:10px;\" target=\"_self\" href=\"https:\/\/aditrea.compsaonline.com\/ca\/adicciones\/alcohol\/\"><span class=\"fusion-button-text\">Alcohol<\/span><\/a><\/div><div ><a class=\"fusion-button button-flat fusion-button-default-size button-custom fusion-button-default button-2 fusion-button-default-span fusion-button-default-type\" style=\"--button_accent_color:var(--awb-color1);--button_border_color:var(--awb-color8);--button_accent_hover_color:var(--awb-color1);--button_border_hover_color:var(--awb-color1);--button_gradient_top_color:var(--awb-color5);--button_gradient_bottom_color:var(--awb-color5);--button_gradient_top_color_hover:var(--awb-color5);--button_gradient_bottom_color_hover:var(--awb-color5);--button_font_size:15px;--button_margin-top:10px;--button_margin-right:10px;--button_margin-bottom:10px;--button_margin-left:10px;\" target=\"_self\"><span class=\"fusion-button-text\">Coca\u00efna<\/span><\/a><\/div><div ><a class=\"fusion-button button-flat fusion-button-default-size button-custom fusion-button-default button-3 fusion-button-default-span fusion-button-default-type\" style=\"--button_accent_color:var(--awb-color8);--button_border_color:var(--awb-color8);--button_accent_hover_color:var(--awb-color1);--button_border_hover_color:var(--awb-color1);--button_gradient_top_color:var(--awb-color3);--button_gradient_bottom_color:var(--awb-color3);--button_gradient_top_color_hover:var(--awb-color5);--button_gradient_bottom_color_hover:var(--awb-color5);--button_font_size:15px;--button_margin-top:10px;--button_margin-right:10px;--button_margin-bottom:10px;--button_margin-left:10px;\" target=\"_self\" href=\"https:\/\/aditrea.compsaonline.com\/ca\/adicciones\/cannabis\/\"><span class=\"fusion-button-text\">C\u00e0nnabis<\/span><\/a><\/div><div ><a class=\"fusion-button button-flat fusion-button-default-size button-custom fusion-button-default button-4 fusion-button-default-span fusion-button-default-type\" style=\"--button_accent_color:var(--awb-color8);--button_border_color:var(--awb-color8);--button_accent_hover_color:var(--awb-color1);--button_border_hover_color:var(--awb-color1);--button_gradient_top_color:var(--awb-color3);--button_gradient_bottom_color:var(--awb-color3);--button_gradient_top_color_hover:var(--awb-color5);--button_gradient_bottom_color_hover:var(--awb-color5);--button_font_size:15px;--button_margin-top:10px;--button_margin-right:10px;--button_margin-bottom:10px;--button_margin-left:10px;\" target=\"_self\" href=\"https:\/\/aditrea.compsaonline.com\/ca\/adicciones\/benzodiacepinas\/\"><span class=\"fusion-button-text\">Benzodiazepines<\/span><\/a><\/div><div ><a class=\"fusion-button button-flat fusion-button-default-size button-custom fusion-button-default button-5 fusion-button-default-span fusion-button-default-type\" style=\"--button_accent_color:var(--awb-color8);--button_border_color:var(--awb-color8);--button_accent_hover_color:var(--awb-color1);--button_border_hover_color:var(--awb-color1);--button_gradient_top_color:var(--awb-color3);--button_gradient_bottom_color:var(--awb-color3);--button_gradient_top_color_hover:var(--awb-color5);--button_gradient_bottom_color_hover:var(--awb-color5);--button_font_size:15px;--button_margin-top:10px;--button_margin-right:10px;--button_margin-bottom:10px;--button_margin-left:10px;\" target=\"_self\" href=\"https:\/\/aditrea.compsaonline.com\/ca\/adicciones\/ludopatia\/\"><span class=\"fusion-button-text\">Ludopatia<\/span><\/a><\/div><\/div><\/div><\/div><\/div><div class=\"fusion-fullwidth fullwidth-box fusion-builder-row-2 fusion-flex-container has-pattern-background has-mask-background nonhundred-percent-fullwidth non-hundred-percent-height-scrolling\" style=\"--awb-border-radius-top-left:0px;--awb-border-radius-top-right:0px;--awb-border-radius-bottom-right:0px;--awb-border-radius-bottom-left:0px;--awb-padding-top:30px;--awb-padding-bottom:40px;--awb-background-image:linear-gradient(180deg, #ffffff 0%,rgba(255,255,255,0.8) 100%);--awb-background-size:cover;\" ><div class=\"fusion-builder-row fusion-row fusion-flex-align-items-center fusion-flex-justify-content-center\" style=\"max-width:1248px;margin-left: calc(-4% \/ 2 );margin-right: calc(-4% \/ 2 );\"><div class=\"fusion-layout-column fusion_builder_column fusion-builder-column-1 fusion_builder_column_4_5 4_5 fusion-flex-column\" style=\"--awb-bg-size:cover;--awb-width-large:80%;--awb-margin-top-large:0px;--awb-spacing-right-large:20px;--awb-margin-bottom-large:0px;--awb-spacing-left-large:20px;--awb-width-medium:40%;--awb-order-medium:0;--awb-spacing-right-medium:70px;--awb-spacing-left-medium:20px;--awb-width-small:100%;--awb-order-small:0;--awb-spacing-right-small:1.92%;--awb-margin-bottom-small:0px;--awb-spacing-left-small:1.92%;\"><div class=\"fusion-column-wrapper fusion-column-has-shadow fusion-flex-justify-content-flex-start fusion-content-layout-column\"><div class=\"fusion-text fusion-text-1 fusion-text-no-margin\" style=\"--awb-margin-bottom:10px;\"><p><span style=\"vertical-align: inherit;\"><span style=\"vertical-align: inherit;\">Al centre de desintoxicaci\u00f3 <\/span><\/span><strong><span style=\"vertical-align: inherit;\"><span style=\"vertical-align: inherit;\">ADITREA<\/span><\/span><\/strong><span style=\"vertical-align: inherit;\"><span style=\"vertical-align: inherit;\"> de Balaguer, som experts en el desenvolupament de tractaments d&#8217;addiccions per a la <\/span><\/span><strong><span style=\"vertical-align: inherit;\"><span style=\"vertical-align: inherit;\">coca\u00efna<\/span><\/span><\/strong><span style=\"vertical-align: inherit;\"><span style=\"vertical-align: inherit;\"> . <\/span><span style=\"vertical-align: inherit;\">Duem a terme una s\u00e8rie de t\u00e8cniques que ens permeten reduir notablement la s\u00edndrome d&#8217;abstin\u00e8ncia que pateixen els addictes un cop inicien el proc\u00e9s de desintoxicaci\u00f3 d&#8217;aquesta droga. <\/span><span style=\"vertical-align: inherit;\">En definitiva, des d&#8217;ADITREA acompanyem aquells individus afectats i les seves fam\u00edlies que necessiten ajuda per deixar la coca\u00efna.<\/span><\/span><\/p>\n<h2><strong><span style=\"vertical-align: inherit;\"><span style=\"vertical-align: inherit;\">Qu\u00e8 \u00e9s la coca\u00efna?<\/span><\/span><\/strong><\/h2>\n<p><span style=\"vertical-align: inherit;\"><span style=\"vertical-align: inherit;\">Aquest compost \u00e9s un potent estimulant del sistema nervi\u00f3s central i una de les drogues m\u00e9s addictives i perilloses que hi ha.<\/span><\/span><\/p>\n<p><span style=\"vertical-align: inherit;\"><span style=\"vertical-align: inherit;\">\u00c9s una droga que s&#8217;obt\u00e9 a partir del processament qu\u00edmic de les fulles de coca de l&#8217;arbust Erythroxylum coca. <\/span><span class=\"\" style=\"vertical-align: inherit;\">A finals del segle XIX, es va aconseguir a\u00efllar el principi actiu contingut en aquestes fulles i van sorgir diverses maneres de consumir aquesta droga. <\/span><span class=\"\" style=\"vertical-align: inherit;\">Entre aquests m\u00e8todes de consumir-la, trobem la coca\u00efna esnifada, fumada, injectada, etc.<\/span><\/span><\/p>\n<p><span style=\"vertical-align: inherit;\"><span style=\"vertical-align: inherit;\">Els quals produeixen efectes m\u00e9s r\u00e0pids i intensos que el full de coca mastegada i, per aquesta ra\u00f3, augmenten el risc de desenvolupar addicci\u00f3 i depend\u00e8ncia a aquesta droga.<\/span><\/span><\/p>\n<h3><strong><span style=\"vertical-align: inherit;\"><span style=\"vertical-align: inherit;\">De quina manera es pot presentar la coca\u00efna?<\/span><\/span><\/strong><\/h3>\n<p><span style=\"vertical-align: inherit;\"><span style=\"vertical-align: inherit;\">Hi ha diferents preparats a partir de la coca\u00efna:<\/span><\/span><\/p>\n<ul>\n<li><em><span style=\"vertical-align: inherit;\"><span style=\"vertical-align: inherit;\">Coca\u00efna en pols o clorhidrat de coca\u00efna:<\/span><\/span><\/em><span style=\"vertical-align: inherit;\"><span style=\"vertical-align: inherit;\"> \u00c9s la forma habitual en qu\u00e8 es presenta. <\/span><span class=\"\" style=\"vertical-align: inherit;\">Se sol consumir esnifada (aspirada pel nas) i els efectes d&#8217;aquesta droga solen ser gaireb\u00e9 immediats i duren entre 2 i 3 hores. <\/span><span class=\"\" style=\"vertical-align: inherit;\">D&#8217;altra banda, tamb\u00e9 es fa servir, amb menys freq\u00fc\u00e8ncia, per via injectada i, de vegades, barrejant-la amb hero\u00efna, tot aix\u00f2 d\u00f3na lloc a una subst\u00e0ncia que els consumidors habituals d&#8217;aquesta droga anomenen speed-ball (Pelotazo).<\/span><\/span><\/li>\n<li><em><span style=\"vertical-align: inherit;\"><span style=\"vertical-align: inherit;\">Basuko o pasta de coca:<\/span><\/span><\/em><span style=\"vertical-align: inherit;\"><span style=\"vertical-align: inherit;\"> \u00e9s sulfat de coca\u00efna i es fuma barrejat amb tabac o marihuana. <\/span><span style=\"vertical-align: inherit;\">El consum en aquesta forma \u00e9s minoritari a Espanya.<\/span><\/span><\/li>\n<li><em><span style=\"vertical-align: inherit;\"><span style=\"vertical-align: inherit;\">Crack o coca\u00efna base:<\/span><\/span><\/em><span style=\"vertical-align: inherit;\"><span style=\"vertical-align: inherit;\"> Es consumeix fumada i el seu efecte \u00e9s r\u00e0pid, intens i breu. <\/span><span style=\"vertical-align: inherit;\">Presentada aix\u00ed \u00e9s molt addictiva, encara que el seu consum a Espanya tamb\u00e9 \u00e9s minoritari.<\/span><\/span><\/li>\n<\/ul>\n<p><span style=\"vertical-align: inherit;\"><span class=\"\" style=\"vertical-align: inherit;\">A l&#8217;argot de carrer, a la coca\u00efna se la coneix per diferents noms, com poden ser: coca, perico, farlopa, merca, dama blanca, neu, etc.<\/span><\/span><\/p>\n<p><span style=\"vertical-align: inherit;\"><span style=\"vertical-align: inherit;\">Al voltant d&#8217;un 5% dels joves d&#8217;entre 14 i 18 anys l&#8217;han provat, i un 2% l&#8217;han pres recentment. <\/span><span style=\"vertical-align: inherit;\">Es tracta d&#8217;un consum ocasional i majorit\u00e0riament de clorhidrat de coca\u00efna esnifada.<\/span><\/span><\/p>\n<h3><strong><span style=\"vertical-align: inherit;\"><span style=\"vertical-align: inherit;\">Quins s\u00f3n els efectes?<\/span><\/span><\/strong><\/h3>\n<p style=\"padding-left: 40px;\"><strong><span style=\"vertical-align: inherit;\"><span style=\"vertical-align: inherit;\">Efectes a curt termini:<\/span><\/span><\/strong><\/p>\n<p style=\"padding-left: 40px;\"><span style=\"vertical-align: inherit;\"><span class=\"\" style=\"vertical-align: inherit;\">Euf\u00f2ria, excitaci\u00f3, hiperactivitat, augment de la sociabilitat, sentiments de grandiositat, verborrea, acceleraci\u00f3 mental, disminuci\u00f3 de la fatiga i del son, agressivitat, inhibici\u00f3 de la gana, aix\u00ed com altres efectes fisiol\u00f2gics: taquic\u00e0rdia, sudoraci\u00f3, increment de la tensi\u00f3 arterial i dilataci\u00f3 de les pupil\u00b7les.<\/span><\/span><\/p>\n<p style=\"padding-left: 40px;\"><strong><span style=\"vertical-align: inherit;\"><span style=\"vertical-align: inherit;\">Efectes a llarg termini:<\/span><\/span><\/strong><\/p>\n<p style=\"padding-left: 40px;\"><span style=\"vertical-align: inherit;\"><span style=\"vertical-align: inherit;\">La coca\u00efna provoca depend\u00e8ncia i trastorns neurol\u00f2gics i psiqui\u00e0trics: estats paranoides, psicosi i depressi\u00f3. <\/span><span class=\"\" style=\"vertical-align: inherit;\">D&#8217;altra banda, altres problemes derivats del consum d&#8217;aquesta droga poden ser: la perforaci\u00f3 de l&#8217;env\u00e0 nasal, patologies respirat\u00f2ries i un risc d&#8217;infart de miocardi elevat, accident cerebral i trastorns d&#8217;inapet\u00e8ncia sexual.<\/span><\/span><\/p>\n<p><span style=\"vertical-align: inherit;\"><span class=\"\" style=\"vertical-align: inherit;\">En conclusi\u00f3, podem afirmar que les seq\u00fceles que la coca\u00efna pot produir al nostre organisme s\u00f3n molt perilloses, per aquesta ra\u00f3, des de la nostra cl\u00ednica de desintoxicaci\u00f3 volem ajudar totes aquelles persones que pateixen aquesta malaltia i es rehabilitin de la seva addicci\u00f3 per poder tornar a inserir-se a la societat sense que torni a patir cap s\u00edmptoma ni seq\u00fcela causat pel consum d&#8217;aquesta droga.<\/span><\/span><\/p>\n<div id=\"gtx-trans\" style=\"position: absolute; left: 619px; top: 579.656px;\">\n<div class=\"gtx-trans-icon\"><\/div>\n<\/div>\n<\/div><\/div><\/div><\/div><\/div><div class=\"fusion-fullwidth fullwidth-box fusion-builder-row-3 fusion-flex-container has-pattern-background has-mask-background fusion-parallax-fixed nonhundred-percent-fullwidth non-hundred-percent-height-scrolling lazyload\" style=\"--link_hover_color: var(--awb-color5);--link_color: var(--awb-color5);--awb-background-blend-mode:overlay;--awb-border-color:var(--awb-color1);--awb-border-radius-top-left:0px;--awb-border-radius-top-right:0px;--awb-border-radius-bottom-right:0px;--awb-border-radius-bottom-left:0px;--awb-padding-top:30px;--awb-padding-bottom:30px;--awb-padding-top-medium:130px;--awb-padding-top-small:70px;--awb-padding-right-small:40px;--awb-padding-bottom-small:70px;--awb-padding-left-small:40px;--awb-margin-bottom-medium:0px;--awb-background-image:linear-gradient(152deg, hsla(var(--awb-color2-h),calc(var(--awb-color2-s) + 100%),var(--awb-color2-l),var(--awb-color2-a)) 0%,hsla(var(--awb-color4-h),calc(var(--awb-color4-s) + 30%),calc(var(--awb-color4-l) + 11%),var(--awb-color4-a)) 70%);;--awb-background-size:contain;background-attachment:fixed;\" data-bg=\"https:\/\/aditrea.compsaonline.com\/wp-content\/uploads\/2023\/05\/bg-logo-aditrea.png\" data-bg-gradient=\"linear-gradient(152deg, hsla(var(--awb-color2-h),calc(var(--awb-color2-s) + 100%),var(--awb-color2-l),var(--awb-color2-a)) 0%,hsla(var(--awb-color4-h),calc(var(--awb-color4-s) + 30%),calc(var(--awb-color4-l) + 11%),var(--awb-color4-a)) 70%)\" ><div class=\"fusion-builder-row fusion-row fusion-flex-align-items-center\" style=\"max-width:1248px;margin-left: calc(-4% \/ 2 );margin-right: calc(-4% \/ 2 );\"><div class=\"fusion-layout-column fusion_builder_column fusion-builder-column-2 fusion_builder_column_2_3 2_3 fusion-flex-column fusion-animated\" style=\"--awb-padding-bottom-medium:0px;--awb-bg-size:cover;--awb-width-large:66.666666666667%;--awb-margin-top-large:0px;--awb-spacing-right-large:2.88%;--awb-margin-bottom-large:9px;--awb-spacing-left-large:55px;--awb-width-medium:60%;--awb-order-medium:0;--awb-spacing-right-medium:3.2%;--awb-spacing-left-medium:20px;--awb-width-small:100%;--awb-order-small:0;--awb-spacing-right-small:1.92%;--awb-spacing-left-small:20px;\" data-animationType=\"fadeInRight\" data-animationDuration=\"1.3\" data-animationOffset=\"top-into-view\"><div class=\"fusion-column-wrapper fusion-column-has-shadow fusion-flex-justify-content-flex-start fusion-content-layout-column\"><div class=\"fusion-title title fusion-title-1 fusion-sep-none fusion-title-text fusion-title-size-two\" style=\"--awb-text-color:var(--awb-color7);--awb-margin-top:20px;--awb-margin-bottom:30px;\"><h2 class=\"title-heading-left\" style=\"margin:0;\"><span style=\"vertical-align: inherit;\"><span style=\"vertical-align: inherit;\">Centre de desintoxicaci\u00f3 d&#8217;addiccions<\/span><\/span><\/h2><\/div><div class=\"fusion-text fusion-text-2 fusion-text-no-margin\" style=\"--awb-margin-bottom:50px;\"><p style=\"color: var(--awb-color1);\"><span style=\"color: var(--awb-color7);\"><span style=\"vertical-align: inherit;\"><span style=\"vertical-align: inherit;\">El nostre objectiu \u00e9s fer que les persones addictes tornin a fer una vida normal. <\/span><span style=\"vertical-align: inherit;\">Estem especialitzats en el tractament de les addiccions i el nostre prop\u00f2sit \u00e9s neutralitzar els s\u00edmptomes de depend\u00e8ncia de les drogues.<\/span><\/span><\/span><\/p>\n<\/div><\/div><\/div><div class=\"fusion-layout-column fusion_builder_column fusion-builder-column-3 fusion_builder_column_1_3 1_3 fusion-flex-column fusion-animated\" style=\"--awb-padding-bottom-medium:0px;--awb-bg-size:cover;--awb-width-large:33.333333333333%;--awb-margin-top-large:0px;--awb-spacing-right-large:5.76%;--awb-margin-bottom-large:9px;--awb-spacing-left-large:55px;--awb-width-medium:60%;--awb-order-medium:0;--awb-spacing-right-medium:3.2%;--awb-spacing-left-medium:20px;--awb-width-small:100%;--awb-order-small:0;--awb-spacing-right-small:1.92%;--awb-spacing-left-small:20px;\" data-animationType=\"fadeInRight\" data-animationDuration=\"1.3\" data-animationOffset=\"top-into-view\"><div class=\"fusion-column-wrapper fusion-column-has-shadow fusion-flex-justify-content-flex-start fusion-content-layout-column\"><div class=\"sm-text-align-center\"><a class=\"fusion-button button-flat fusion-button-default-size button-custom fusion-button-default button-6 fusion-button-default-span fusion-has-button-gradient\" style=\"--button_bevel_color:var(--awb-color4);--button_bevel_color_hover:var(--awb-color4);--button_accent_color:var(--awb-color1);--button_accent_hover_color:var(--awb-color1);--button_border_hover_color:var(--awb-color1);--button_border_width-top:3px;--button_border_width-right:3px;--button_border_width-bottom:3px;--button_border_width-left:3px;--button_gradient_angle:204deg;--button_gradient_start:7%;--button_gradient_top_color:var(--awb-color2);--button_gradient_bottom_color:var(--awb-color5);--button_gradient_top_color_hover:hsla(var(--awb-color5-h),var(--awb-color5-s),calc(var(--awb-color5-l) - 10%),var(--awb-color5-a));--button_gradient_bottom_color_hover:hsla(var(--awb-color5-h),var(--awb-color5-s),calc(var(--awb-color5-l) - 10%),var(--awb-color5-a));--button_padding-top:18px;--button_padding-right:40px;--button_padding-bottom:18px;--button_padding-left:40px;\" target=\"_self\" data-hover=\"text_slide_up\" href=\"https:\/\/aditrea.compsaonline.com\/ca\/contacto\/\"><div class=\"awb-button-text-transition\"><span class=\"fusion-button-text\">CONTACTAR<\/span><span class=\"fusion-button-text\">CONTACTAR<\/span><\/div><\/a><\/div><\/div><\/div><\/div><\/div><\/p>\n","protected":false},"excerpt":{"rendered":"","protected":false},"author":1,"featured_media":2627,"parent":2681,"menu_order":0,"comment_status":"closed","ping_status":"closed","template":"100-width.php","meta":{"footnotes":""},"class_list":["post-2672","page","type-page","status-publish","has-post-thumbnail","hentry"],"_links":{"self":[{"href":"https:\/\/aditrea.com\/ca\/wp-json\/wp\/v2\/pages\/2672","targetHints":{"allow":["GET"]}}],"collection":[{"href":"https:\/\/aditrea.com\/ca\/wp-json\/wp\/v2\/pages"}],"about":[{"href":"https:\/\/aditrea.com\/ca\/wp-json\/wp\/v2\/types\/page"}],"author":[{"embeddable":true,"href":"https:\/\/aditrea.com\/ca\/wp-json\/wp\/v2\/users\/1"}],"replies":[{"embeddable":true,"href":"https:\/\/aditrea.com\/ca\/wp-json\/wp\/v2\/comments?post=2672"}],"version-history":[{"count":4,"href":"https:\/\/aditrea.com\/ca\/wp-json\/wp\/v2\/pages\/2672\/revisions"}],"predecessor-version":[{"id":2734,"href":"https:\/\/aditrea.com\/ca\/wp-json\/wp\/v2\/pages\/2672\/revisions\/2734"}],"up":[{"embeddable":true,"href":"https:\/\/aditrea.com\/ca\/wp-json\/wp\/v2\/pages\/2681"}],"wp:featuredmedia":[{"embeddable":true,"href":"https:\/\/aditrea.com\/ca\/wp-json\/wp\/v2\/media\/2627"}],"wp:attachment":[{"href":"https:\/\/aditrea.com\/ca\/wp-json\/wp\/v2\/media?parent=2672"}],"curies":[{"name":"wp","href":"https:\/\/api.w.org\/{rel}","templated":true}]}}