{"id":2679,"date":"2023-09-08T10:25:09","date_gmt":"2023-09-08T08:25:09","guid":{"rendered":"https:\/\/aditrea.compsaonline.com\/alcohol\/"},"modified":"2023-09-29T15:32:07","modified_gmt":"2023-09-29T13:32:07","slug":"alcohol","status":"publish","type":"page","link":"https:\/\/aditrea.com\/ca\/addiccions\/alcohol\/","title":{"rendered":"Alcohol"},"content":{"rendered":"<p><div class=\"fusion-fullwidth fullwidth-box fusion-builder-row-1 fusion-flex-container has-pattern-background has-mask-background nonhundred-percent-fullwidth non-hundred-percent-height-scrolling fusion-sticky-container fusion-custom-z-index\" style=\"--awb-background-position:center bottom;--awb-border-sizes-bottom:2px;--awb-border-color:var(--awb-color5);--awb-border-radius-top-left:0px;--awb-border-radius-top-right:0px;--awb-border-radius-bottom-right:0px;--awb-border-radius-bottom-left:0px;--awb-z-index:11;--awb-padding-top:20px;--awb-padding-bottom:20px;--awb-padding-bottom-small:35px;--awb-background-image:linear-gradient(180deg, #ffffff 32%,rgba(255,255,255,0.8) 71%);\" data-transition-offset=\"0\" data-scroll-offset=\"0\" data-sticky-large-visibility=\"1\" ><div class=\"fusion-builder-row fusion-row fusion-flex-align-items-center fusion-flex-justify-content-center\" style=\"max-width:1248px;margin-left: calc(-4% \/ 2 );margin-right: calc(-4% \/ 2 );\"><div class=\"fusion-layout-column fusion_builder_column fusion-builder-column-0 fusion_builder_column_1_1 1_1 fusion-flex-column fusion-flex-align-self-center fusion-animated\" style=\"--awb-padding-bottom-medium:0px;--awb-bg-size:cover;--awb-width-large:100%;--awb-margin-top-large:0px;--awb-spacing-right-large:20px;--awb-margin-bottom-large:0px;--awb-spacing-left-large:20px;--awb-width-medium:60%;--awb-order-medium:0;--awb-spacing-right-medium:20px;--awb-spacing-left-medium:20px;--awb-width-small:100%;--awb-order-small:0;--awb-spacing-right-small:20px;--awb-spacing-left-small:20px;\" data-animationType=\"fadeInRight\" data-animationDuration=\"1.3\" data-animationOffset=\"top-into-view\"><div class=\"fusion-column-wrapper fusion-column-has-shadow fusion-flex-justify-content-space-around fusion-content-layout-row fusion-flex-align-items-center\"><div ><a class=\"fusion-button button-flat fusion-button-default-size button-custom fusion-button-default button-1 fusion-button-default-span fusion-button-default-type\" style=\"--button_accent_color:var(--awb-color1);--button_border_color:var(--awb-color8);--button_accent_hover_color:var(--awb-color1);--button_border_hover_color:var(--awb-color1);--button_gradient_top_color:var(--awb-color5);--button_gradient_bottom_color:var(--awb-color5);--button_gradient_top_color_hover:var(--awb-color5);--button_gradient_bottom_color_hover:var(--awb-color5);--button_font_size:15px;--button_margin-top:10px;--button_margin-right:10px;--button_margin-bottom:10px;--button_margin-left:10px;\" target=\"_self\"><span class=\"fusion-button-text\">Alcohol<\/span><\/a><\/div><div ><a class=\"fusion-button button-flat fusion-button-default-size button-custom fusion-button-default button-2 fusion-button-default-span fusion-button-default-type\" style=\"--button_accent_color:var(--awb-color8);--button_border_color:var(--awb-color8);--button_accent_hover_color:var(--awb-color1);--button_border_hover_color:var(--awb-color1);--button_gradient_top_color:var(--awb-color3);--button_gradient_bottom_color:var(--awb-color3);--button_gradient_top_color_hover:var(--awb-color5);--button_gradient_bottom_color_hover:var(--awb-color5);--button_font_size:15px;--button_margin-top:10px;--button_margin-right:10px;--button_margin-bottom:10px;--button_margin-left:10px;\" target=\"_self\" href=\"https:\/\/aditrea.compsaonline.com\/ca\/adicciones\/cocaina\/\"><span class=\"fusion-button-text\">Coca\u00efna<\/span><\/a><\/div><div ><a class=\"fusion-button button-flat fusion-button-default-size button-custom fusion-button-default button-3 fusion-button-default-span fusion-button-default-type\" style=\"--button_accent_color:var(--awb-color8);--button_border_color:var(--awb-color8);--button_accent_hover_color:var(--awb-color1);--button_border_hover_color:var(--awb-color1);--button_gradient_top_color:var(--awb-color3);--button_gradient_bottom_color:var(--awb-color3);--button_gradient_top_color_hover:var(--awb-color5);--button_gradient_bottom_color_hover:var(--awb-color5);--button_font_size:15px;--button_margin-top:10px;--button_margin-right:10px;--button_margin-bottom:10px;--button_margin-left:10px;\" target=\"_self\" href=\"https:\/\/aditrea.compsaonline.com\/ca\/adicciones\/cannabis\/\"><span class=\"fusion-button-text\">C\u00e0nnabis<\/span><\/a><\/div><div ><a class=\"fusion-button button-flat fusion-button-default-size button-custom fusion-button-default button-4 fusion-button-default-span fusion-button-default-type\" style=\"--button_accent_color:var(--awb-color8);--button_border_color:var(--awb-color8);--button_accent_hover_color:var(--awb-color1);--button_border_hover_color:var(--awb-color1);--button_gradient_top_color:var(--awb-color3);--button_gradient_bottom_color:var(--awb-color3);--button_gradient_top_color_hover:var(--awb-color5);--button_gradient_bottom_color_hover:var(--awb-color5);--button_font_size:15px;--button_margin-top:10px;--button_margin-right:10px;--button_margin-bottom:10px;--button_margin-left:10px;\" target=\"_self\" href=\"https:\/\/aditrea.compsaonline.com\/ca\/adicciones\/benzodiacepinas\/\"><span class=\"fusion-button-text\">Benzodiazepines<\/span><\/a><\/div><div ><a class=\"fusion-button button-flat fusion-button-default-size button-custom fusion-button-default button-5 fusion-button-default-span fusion-button-default-type\" style=\"--button_accent_color:var(--awb-color8);--button_border_color:var(--awb-color8);--button_accent_hover_color:var(--awb-color1);--button_border_hover_color:var(--awb-color1);--button_gradient_top_color:var(--awb-color3);--button_gradient_bottom_color:var(--awb-color3);--button_gradient_top_color_hover:var(--awb-color5);--button_gradient_bottom_color_hover:var(--awb-color5);--button_font_size:15px;--button_margin-top:10px;--button_margin-right:10px;--button_margin-bottom:10px;--button_margin-left:10px;\" target=\"_self\" href=\"https:\/\/aditrea.compsaonline.com\/ca\/adicciones\/ludopatia\/\"><span class=\"fusion-button-text\">Ludopatia<\/span><\/a><\/div><\/div><\/div><\/div><\/div><div class=\"fusion-fullwidth fullwidth-box fusion-builder-row-2 fusion-flex-container has-pattern-background has-mask-background nonhundred-percent-fullwidth non-hundred-percent-height-scrolling\" style=\"--awb-border-radius-top-left:0px;--awb-border-radius-top-right:0px;--awb-border-radius-bottom-right:0px;--awb-border-radius-bottom-left:0px;--awb-padding-top:30px;--awb-padding-bottom:40px;--awb-background-image:linear-gradient(180deg, #ffffff 0%,rgba(255,255,255,0.8) 100%);--awb-background-size:cover;\" ><div class=\"fusion-builder-row fusion-row fusion-flex-align-items-center fusion-flex-justify-content-center\" style=\"max-width:1248px;margin-left: calc(-4% \/ 2 );margin-right: calc(-4% \/ 2 );\"><div class=\"fusion-layout-column fusion_builder_column fusion-builder-column-1 fusion_builder_column_4_5 4_5 fusion-flex-column\" style=\"--awb-bg-size:cover;--awb-width-large:80%;--awb-margin-top-large:0px;--awb-spacing-right-large:20px;--awb-margin-bottom-large:0px;--awb-spacing-left-large:20px;--awb-width-medium:40%;--awb-order-medium:0;--awb-spacing-right-medium:70px;--awb-spacing-left-medium:20px;--awb-width-small:100%;--awb-order-small:0;--awb-spacing-right-small:1.92%;--awb-margin-bottom-small:0px;--awb-spacing-left-small:1.92%;\"><div class=\"fusion-column-wrapper fusion-column-has-shadow fusion-flex-justify-content-flex-start fusion-content-layout-column\"><div class=\"fusion-text fusion-text-1 fusion-text-no-margin\" style=\"--awb-margin-bottom:10px;\"><p><span style=\"vertical-align: inherit;\"><span style=\"vertical-align: inherit;\">A la nostra cl\u00ednica de desintoxicaci\u00f3 <\/span><\/span><strong><span style=\"vertical-align: inherit;\"><span style=\"vertical-align: inherit;\">ADITREA<\/span><\/span><\/strong><span style=\"vertical-align: inherit;\"><span style=\"vertical-align: inherit;\"> som especialistes en el tractament de l&#8217;<\/span><\/span><strong><span style=\"vertical-align: inherit;\"><span style=\"vertical-align: inherit;\">alcoholisme<\/span><\/span><\/strong><span style=\"vertical-align: inherit;\"><span style=\"vertical-align: inherit;\">. <\/span><span style=\"vertical-align: inherit;\">Aquesta droga \u00e9s una de les addiccions m\u00e9s esteses a la nostra societat i molts addictes a ella no s&#8217;adonen que pateixen aquesta malaltia fins que pateixen els s\u00edmptomes i problemes derivats de l&#8217;alcohol.<\/span><\/span><\/p>\n<p><span style=\"vertical-align: inherit;\"><span style=\"vertical-align: inherit;\">A <\/span><\/span><strong><span style=\"vertical-align: inherit;\"><span style=\"vertical-align: inherit;\">ADITREA<\/span><\/span><\/strong><span style=\"vertical-align: inherit;\"><span style=\"vertical-align: inherit;\"> realitzem ter\u00e0pies contra l&#8217;alcoholisme i sabem com ajudar a deixar de beure aquestes persones addictes. <\/span><span style=\"vertical-align: inherit;\">Som especialistes en tractaments de desintoxicaci\u00f3 a alcoh\u00f2lics i fem un seguiment continu de l&#8217;evoluci\u00f3 de l&#8217;addicte en l&#8217;afany d&#8217;erradicar la seva addicci\u00f3 a aquesta droga.<\/span><\/span><\/p>\n<h2><strong><span style=\"vertical-align: inherit;\"><span style=\"vertical-align: inherit;\">Qu\u00e8 \u00e9s l&#8217;alcohol?<\/span><\/span><\/strong><\/h2>\n<p><span style=\"vertical-align: inherit;\"><span style=\"vertical-align: inherit;\">L&#8217;alcohol \u00e9s una droga depressora del sistema nervi\u00f3s central que inhibeix progressivament les funcions cerebrals. <\/span><span style=\"vertical-align: inherit;\">Aquesta droga afecta la capacitat d&#8217;autocontrol i passa per diversos estats d&#8217;\u00e0nim. <\/span><span style=\"vertical-align: inherit;\">Entre aquestes fases, destaca l&#8217;estat inicial d&#8217;euf\u00f2ria i desinhibici\u00f3, per aix\u00f2 sol confondre&#8217;s amb un estimulant.<\/span><\/span><\/p>\n<p><span style=\"vertical-align: inherit;\"><span style=\"vertical-align: inherit;\">L&#8217;alcohol ingerit \u00e9s absorbit a l&#8217;aparell digestiu, des d&#8217;on passa al reg sanguini, en el qual pot romandre fins a 18 hores. <\/span><span style=\"vertical-align: inherit;\">Finalment, s&#8217;elimina a trav\u00e9s del fetge.<\/span><\/span><\/p>\n<h3><strong><span style=\"vertical-align: inherit;\"><span style=\"vertical-align: inherit;\">Conseq\u00fc\u00e8ncies de l&#8217;alcohol al nostre organisme<\/span><\/span><\/strong><\/h3>\n<p><span style=\"vertical-align: inherit;\"><span style=\"vertical-align: inherit;\">La ingesta d&#8217;alcohol de forma reiterada i continuada al nostre organisme \u00e9s la responsable de la majoria de trastorns i depend\u00e8ncies que aquesta subst\u00e0ncia causa al nostre cos.<\/span><\/span><\/p>\n<p><span style=\"vertical-align: inherit;\"><span style=\"vertical-align: inherit;\">D&#8217;aquesta addicci\u00f3, se&#8217;n deriven diverses lesions com poden ser: la cirrosi hep\u00e0tica o les encefalopaties en qu\u00e8 es veu greument alterat el fetge i el cervell i el seu funcionament habitual.<\/span><\/span><\/p>\n<p><span style=\"vertical-align: inherit;\"><span style=\"vertical-align: inherit;\">Minuts despr\u00e9s de la ingesta solen apar\u00e8ixer els seus efectes, la manifestaci\u00f3 dels quals varia segons la quantitat ingerida, aix\u00ed com les caracter\u00edstiques f\u00edsiques i ps\u00edquiques de cada individu.<\/span><\/span><\/p>\n<h3><strong><span style=\"vertical-align: inherit;\"><span style=\"vertical-align: inherit;\">Com afecta l&#8217;alcohol el nostre organisme?<\/span><\/span><\/strong><\/h3>\n<p><span style=\"vertical-align: inherit;\"><span style=\"vertical-align: inherit;\">Podem distingir dos tipus d&#8217;efectes al nostre organisme:<\/span><\/span><\/p>\n<h4><strong><span style=\"vertical-align: inherit;\"><span style=\"vertical-align: inherit;\">Efectes a curt termini:<\/span><\/span><\/strong><\/h4>\n<p><span style=\"vertical-align: inherit;\"><span class=\"\" style=\"vertical-align: inherit;\">La ingesta d&#8217;alcohol provoca a curt termini un estat de desinhibici\u00f3, euf\u00f2ria, relaxaci\u00f3, augment de la sociabilitat, dificultats per parlar, dificultats per associar idees i descoordinaci\u00f3 motora.<\/span><\/span><\/p>\n<p><span style=\"vertical-align: inherit;\"><span style=\"vertical-align: inherit;\">No afecta totes les persones per igual, ja que els seus efectes varien en funci\u00f3 de la concentraci\u00f3 d&#8217;alcohol a la sang, que poden arribar, en els casos m\u00e9s greus, a produir un coma et\u00edlic i fins i tot la mort.<\/span><\/span><\/p>\n<p><span style=\"vertical-align: inherit;\"><span style=\"vertical-align: inherit;\">L&#8217;addicci\u00f3 a l&#8217;alcohol tamb\u00e9 afecta els adolescents. <\/span><span style=\"vertical-align: inherit;\">S&#8217;estima que quatre de cada cinc joves entre 14 i 18 anys ho han provat, i una mica m\u00e9s de la meitat d&#8217;aquests adolescents beuen habitualment. <\/span><span class=\"\" style=\"vertical-align: inherit;\">Acostumen a beure durant el cap de setmana i gaireb\u00e9 la meitat, fins a emborratxar-se.<\/span><\/span><\/p>\n<h4><strong><span style=\"vertical-align: inherit;\"><span style=\"vertical-align: inherit;\">Efectes a llarg termini:<\/span><\/span><\/strong><\/h4>\n<p><span style=\"vertical-align: inherit;\"><span style=\"vertical-align: inherit;\">Aquesta droga depressora pot causar, a llarg termini, grans danys al tub digestiu, fetge i p\u00e0ncrees, a m\u00e9s de cardiopaties, impot\u00e8ncia sexual i, en fase m\u00e9s avan\u00e7ada, dem\u00e8ncia alcoh\u00f2lica.<\/span><\/span><\/p>\n<p><span style=\"vertical-align: inherit;\"><span class=\"\" style=\"vertical-align: inherit;\">La conseq\u00fc\u00e8ncia m\u00e9s greu de l&#8217;exc\u00e9s en el consum \u00e9s l&#8217;alcoholisme o l&#8217;addicci\u00f3 a l&#8217;alcohol. <\/span><span class=\"\" style=\"vertical-align: inherit;\">\u00c9s una malaltia caracteritzada pel consum de begudes alcoh\u00f2liques incontrolat, a un nivell que interfereix amb la salut f\u00edsica i mental de l&#8217;individu i, per tant, amb les seves responsabilitats familiars i socials.<\/span><\/span><\/p>\n<h3><strong><span style=\"vertical-align: inherit;\"><span style=\"vertical-align: inherit;\">Quins factors fan l&#8217;addicci\u00f3 a l&#8217;alcohol?<\/span><\/span><\/strong><\/h3>\n<p><span style=\"vertical-align: inherit;\"><span style=\"vertical-align: inherit;\">Hi ha diversos factors de qu\u00e8 dep\u00e8n el risc de patir alcoholisme, aquests s\u00f3n:<\/span><\/span><\/p>\n<ul>\n<li><em><span style=\"vertical-align: inherit;\"><span class=\"\" style=\"vertical-align: inherit;\">La vulnerabilitat individual:<\/span><\/span><\/em><span style=\"vertical-align: inherit;\"><span class=\"\" style=\"vertical-align: inherit;\"> els fills amb pares alcoh\u00f2lics tenen un risc m\u00e9s elevat de desenvolupar una addicci\u00f3, i amb m\u00e9s probabilitat si aquests s\u00f3n homes. <\/span><span class=\"\" style=\"vertical-align: inherit;\">Tamb\u00e9 s\u00f3n m\u00e9s vulnerables a patir depend\u00e8ncia els que utilitzen l&#8217;alcohol per alleujar el malestar general, psicol\u00f2gic o superar els problemes personals.<\/span><\/span><\/li>\n<li><em><span style=\"vertical-align: inherit;\"><span class=\"\" style=\"vertical-align: inherit;\">L&#8217;edat d&#8217;iniciaci\u00f3:<\/span><\/span><\/em><span style=\"vertical-align: inherit;\"><span class=\"\" style=\"vertical-align: inherit;\"> la probabilitat de desenvolupar depend\u00e8ncia a aquesta droga augmenta quan l&#8217;edat de comen\u00e7ar a beure alcohol \u00e9s m\u00e9s baixa.<\/span><\/span><\/li>\n<li><em><span style=\"vertical-align: inherit;\"><span class=\"\" style=\"vertical-align: inherit;\">La quantitat ingerida:<\/span><\/span><\/em><span style=\"vertical-align: inherit;\"><span class=\"\" style=\"vertical-align: inherit;\"> encara que des de l&#8217;OMS s&#8217;indica que no hi ha una quantitat d&#8217;ingesta d&#8217;alcohol segura per sota de la qual no hi ha riscos, s&#8217;estableixen categories de bevedors que depenen de la quantitat ingerida en funci\u00f3 de la persona, el sexe i les caracter\u00edstiques f\u00edsiques i mentals.<\/span><\/span><\/li>\n<\/ul>\n<p><span style=\"vertical-align: inherit;\"><span style=\"vertical-align: inherit;\">En conclusi\u00f3, des de la nostra cl\u00ednica de rehabilitaci\u00f3 Aditrea per a persones alcoh\u00f2liques, volem proporcionar tota l&#8217;ajuda necess\u00e0ria a aquestes persones addictes a l&#8217;alcohol i a les persones m\u00e9s properes per ajudar-los a deixar l&#8217;alcoholisme i que aquesta malaltia no afecti el seu dia a dia.<\/span><\/span><\/p>\n<\/div><\/div><\/div><\/div><\/div><div class=\"fusion-fullwidth fullwidth-box fusion-builder-row-3 fusion-flex-container has-pattern-background has-mask-background fusion-parallax-fixed nonhundred-percent-fullwidth non-hundred-percent-height-scrolling lazyload\" style=\"--link_hover_color: var(--awb-color5);--link_color: var(--awb-color5);--awb-background-blend-mode:overlay;--awb-border-color:var(--awb-color1);--awb-border-radius-top-left:0px;--awb-border-radius-top-right:0px;--awb-border-radius-bottom-right:0px;--awb-border-radius-bottom-left:0px;--awb-padding-top:30px;--awb-padding-bottom:30px;--awb-padding-top-medium:130px;--awb-padding-top-small:70px;--awb-padding-right-small:40px;--awb-padding-bottom-small:70px;--awb-padding-left-small:40px;--awb-margin-bottom-medium:0px;--awb-background-image:linear-gradient(152deg, hsla(var(--awb-color2-h),calc(var(--awb-color2-s) + 100%),var(--awb-color2-l),var(--awb-color2-a)) 0%,hsla(var(--awb-color4-h),calc(var(--awb-color4-s) + 30%),calc(var(--awb-color4-l) + 11%),var(--awb-color4-a)) 70%);;--awb-background-size:contain;background-attachment:fixed;\" data-bg=\"https:\/\/aditrea.compsaonline.com\/wp-content\/uploads\/2023\/05\/bg-logo-aditrea.png\" data-bg-gradient=\"linear-gradient(152deg, hsla(var(--awb-color2-h),calc(var(--awb-color2-s) + 100%),var(--awb-color2-l),var(--awb-color2-a)) 0%,hsla(var(--awb-color4-h),calc(var(--awb-color4-s) + 30%),calc(var(--awb-color4-l) + 11%),var(--awb-color4-a)) 70%)\" ><div class=\"fusion-builder-row fusion-row fusion-flex-align-items-center\" style=\"max-width:1248px;margin-left: calc(-4% \/ 2 );margin-right: calc(-4% \/ 2 );\"><div class=\"fusion-layout-column fusion_builder_column fusion-builder-column-2 fusion_builder_column_2_3 2_3 fusion-flex-column fusion-animated\" style=\"--awb-padding-bottom-medium:0px;--awb-bg-size:cover;--awb-width-large:66.666666666667%;--awb-margin-top-large:0px;--awb-spacing-right-large:2.88%;--awb-margin-bottom-large:9px;--awb-spacing-left-large:55px;--awb-width-medium:60%;--awb-order-medium:0;--awb-spacing-right-medium:3.2%;--awb-spacing-left-medium:20px;--awb-width-small:100%;--awb-order-small:0;--awb-spacing-right-small:1.92%;--awb-spacing-left-small:20px;\" data-animationType=\"fadeInRight\" data-animationDuration=\"1.3\" data-animationOffset=\"top-into-view\"><div class=\"fusion-column-wrapper fusion-column-has-shadow fusion-flex-justify-content-flex-start fusion-content-layout-column\"><div class=\"fusion-title title fusion-title-1 fusion-sep-none fusion-title-text fusion-title-size-two\" style=\"--awb-text-color:var(--awb-color7);--awb-margin-top:20px;--awb-margin-bottom:30px;\"><h2 class=\"title-heading-left\" style=\"margin:0;\"><span style=\"vertical-align: inherit;\"><span style=\"vertical-align: inherit;\">Centre de desintoxicaci\u00f3 d&#8217;addiccions<\/span><\/span><\/h2><\/div><div class=\"fusion-text fusion-text-2 fusion-text-no-margin\" style=\"--awb-margin-bottom:50px;\"><p style=\"color: var(--awb-color1);\"><span style=\"color: var(--awb-color7);\"><span style=\"vertical-align: inherit;\"><span style=\"vertical-align: inherit;\">El nostre objectiu \u00e9s fer que les persones addictes tornin a fer una vida normal. <\/span><span style=\"vertical-align: inherit;\">Estem especialitzats en el tractament de les addiccions i el nostre prop\u00f2sit \u00e9s neutralitzar els s\u00edmptomes de depend\u00e8ncia de les drogues.<\/span><\/span><\/span><\/p>\n<\/div><\/div><\/div><div class=\"fusion-layout-column fusion_builder_column fusion-builder-column-3 fusion_builder_column_1_3 1_3 fusion-flex-column fusion-animated\" style=\"--awb-padding-bottom-medium:0px;--awb-bg-size:cover;--awb-width-large:33.333333333333%;--awb-margin-top-large:0px;--awb-spacing-right-large:5.76%;--awb-margin-bottom-large:9px;--awb-spacing-left-large:55px;--awb-width-medium:60%;--awb-order-medium:0;--awb-spacing-right-medium:3.2%;--awb-spacing-left-medium:20px;--awb-width-small:100%;--awb-order-small:0;--awb-spacing-right-small:1.92%;--awb-spacing-left-small:20px;\" data-animationType=\"fadeInRight\" data-animationDuration=\"1.3\" data-animationOffset=\"top-into-view\"><div class=\"fusion-column-wrapper fusion-column-has-shadow fusion-flex-justify-content-flex-start fusion-content-layout-column\"><div class=\"sm-text-align-center\"><a class=\"fusion-button button-flat fusion-button-default-size button-custom fusion-button-default button-6 fusion-button-default-span fusion-has-button-gradient\" style=\"--button_bevel_color:var(--awb-color4);--button_bevel_color_hover:var(--awb-color4);--button_accent_color:var(--awb-color1);--button_accent_hover_color:var(--awb-color1);--button_border_hover_color:var(--awb-color1);--button_border_width-top:3px;--button_border_width-right:3px;--button_border_width-bottom:3px;--button_border_width-left:3px;--button_gradient_angle:204deg;--button_gradient_start:7%;--button_gradient_top_color:var(--awb-color2);--button_gradient_bottom_color:var(--awb-color5);--button_gradient_top_color_hover:hsla(var(--awb-color5-h),var(--awb-color5-s),calc(var(--awb-color5-l) - 10%),var(--awb-color5-a));--button_gradient_bottom_color_hover:hsla(var(--awb-color5-h),var(--awb-color5-s),calc(var(--awb-color5-l) - 10%),var(--awb-color5-a));--button_padding-top:18px;--button_padding-right:40px;--button_padding-bottom:18px;--button_padding-left:40px;\" target=\"_self\" data-hover=\"text_slide_up\" href=\"https:\/\/aditrea.compsaonline.com\/ca\/contacto\/\"><div class=\"awb-button-text-transition\"><span class=\"fusion-button-text\">CONTACTAR<\/span><span class=\"fusion-button-text\">CONTACTAR<\/span><\/div><\/a><\/div><\/div><\/div><\/div><\/div><\/p>\n","protected":false},"excerpt":{"rendered":"","protected":false},"author":1,"featured_media":2627,"parent":2681,"menu_order":0,"comment_status":"closed","ping_status":"closed","template":"100-width.php","meta":{"footnotes":""},"class_list":["post-2679","page","type-page","status-publish","has-post-thumbnail","hentry"],"_links":{"self":[{"href":"https:\/\/aditrea.com\/ca\/wp-json\/wp\/v2\/pages\/2679","targetHints":{"allow":["GET"]}}],"collection":[{"href":"https:\/\/aditrea.com\/ca\/wp-json\/wp\/v2\/pages"}],"about":[{"href":"https:\/\/aditrea.com\/ca\/wp-json\/wp\/v2\/types\/page"}],"author":[{"embeddable":true,"href":"https:\/\/aditrea.com\/ca\/wp-json\/wp\/v2\/users\/1"}],"replies":[{"embeddable":true,"href":"https:\/\/aditrea.com\/ca\/wp-json\/wp\/v2\/comments?post=2679"}],"version-history":[{"count":2,"href":"https:\/\/aditrea.com\/ca\/wp-json\/wp\/v2\/pages\/2679\/revisions"}],"predecessor-version":[{"id":2731,"href":"https:\/\/aditrea.com\/ca\/wp-json\/wp\/v2\/pages\/2679\/revisions\/2731"}],"up":[{"embeddable":true,"href":"https:\/\/aditrea.com\/ca\/wp-json\/wp\/v2\/pages\/2681"}],"wp:featuredmedia":[{"embeddable":true,"href":"https:\/\/aditrea.com\/ca\/wp-json\/wp\/v2\/media\/2627"}],"wp:attachment":[{"href":"https:\/\/aditrea.com\/ca\/wp-json\/wp\/v2\/media?parent=2679"}],"curies":[{"name":"wp","href":"https:\/\/api.w.org\/{rel}","templated":true}]}}