{"id":2681,"date":"2023-09-07T18:17:06","date_gmt":"2023-09-07T16:17:06","guid":{"rendered":"https:\/\/aditrea.compsaonline.com\/addiccions\/"},"modified":"2023-10-05T16:23:06","modified_gmt":"2023-10-05T14:23:06","slug":"addiccions","status":"publish","type":"page","link":"https:\/\/aditrea.com\/ca\/addiccions\/","title":{"rendered":"Addiccions"},"content":{"rendered":"<p><div class=\"fusion-fullwidth fullwidth-box fusion-builder-row-1 fusion-flex-container has-pattern-background has-mask-background nonhundred-percent-fullwidth non-hundred-percent-height-scrolling fusion-sticky-container fusion-custom-z-index\" style=\"--awb-background-position:center bottom;--awb-border-sizes-bottom:2px;--awb-border-color:var(--awb-color5);--awb-border-radius-top-left:0px;--awb-border-radius-top-right:0px;--awb-border-radius-bottom-right:0px;--awb-border-radius-bottom-left:0px;--awb-z-index:11;--awb-padding-top:20px;--awb-padding-bottom:20px;--awb-padding-bottom-small:35px;--awb-background-image:linear-gradient(180deg, #ffffff 32%,rgba(255,255,255,0.8) 71%);\" data-transition-offset=\"0\" data-scroll-offset=\"0\" data-sticky-large-visibility=\"1\" ><div class=\"fusion-builder-row fusion-row fusion-flex-align-items-center fusion-flex-justify-content-center\" style=\"max-width:1248px;margin-left: calc(-4% \/ 2 );margin-right: calc(-4% \/ 2 );\"><div class=\"fusion-layout-column fusion_builder_column fusion-builder-column-0 fusion_builder_column_1_1 1_1 fusion-flex-column fusion-flex-align-self-center fusion-animated\" style=\"--awb-padding-bottom-medium:0px;--awb-bg-size:cover;--awb-width-large:100%;--awb-margin-top-large:0px;--awb-spacing-right-large:20px;--awb-margin-bottom-large:0px;--awb-spacing-left-large:20px;--awb-width-medium:60%;--awb-order-medium:0;--awb-spacing-right-medium:20px;--awb-spacing-left-medium:20px;--awb-width-small:100%;--awb-order-small:0;--awb-spacing-right-small:20px;--awb-spacing-left-small:20px;\" data-animationType=\"fadeInRight\" data-animationDuration=\"1.3\" data-animationOffset=\"top-into-view\"><div class=\"fusion-column-wrapper fusion-column-has-shadow fusion-flex-justify-content-space-around fusion-content-layout-row fusion-flex-align-items-center\"><div ><a class=\"fusion-button button-flat fusion-button-default-size button-custom fusion-button-default button-1 fusion-button-default-span fusion-button-default-type\" style=\"--button_accent_color:var(--awb-color8);--button_border_color:var(--awb-color8);--button_accent_hover_color:var(--awb-color1);--button_border_hover_color:var(--awb-color1);--button_gradient_top_color:var(--awb-color3);--button_gradient_bottom_color:var(--awb-color3);--button_gradient_top_color_hover:var(--awb-color5);--button_gradient_bottom_color_hover:var(--awb-color5);--button_font_size:15px;--button_margin-top:10px;--button_margin-right:10px;--button_margin-bottom:10px;--button_margin-left:10px;\" target=\"_self\" href=\"https:\/\/aditrea.compsaonline.com\/ca\/adicciones\/alcohol\/\"><span class=\"fusion-button-text\">Alcohol<\/span><\/a><\/div><div ><a class=\"fusion-button button-flat fusion-button-default-size button-custom fusion-button-default button-2 fusion-button-default-span fusion-button-default-type\" style=\"--button_accent_color:var(--awb-color8);--button_border_color:var(--awb-color8);--button_accent_hover_color:var(--awb-color1);--button_border_hover_color:var(--awb-color1);--button_gradient_top_color:var(--awb-color3);--button_gradient_bottom_color:var(--awb-color3);--button_gradient_top_color_hover:var(--awb-color5);--button_gradient_bottom_color_hover:var(--awb-color5);--button_font_size:15px;--button_margin-top:10px;--button_margin-right:10px;--button_margin-bottom:10px;--button_margin-left:10px;\" target=\"_self\" href=\"https:\/\/aditrea.compsaonline.com\/ca\/adicciones\/cocaina\/\"><span class=\"fusion-button-text\">Coca\u00efna<\/span><\/a><\/div><div ><a class=\"fusion-button button-flat fusion-button-default-size button-custom fusion-button-default button-3 fusion-button-default-span fusion-button-default-type\" style=\"--button_accent_color:var(--awb-color8);--button_border_color:var(--awb-color8);--button_accent_hover_color:var(--awb-color1);--button_border_hover_color:var(--awb-color1);--button_gradient_top_color:var(--awb-color3);--button_gradient_bottom_color:var(--awb-color3);--button_gradient_top_color_hover:var(--awb-color5);--button_gradient_bottom_color_hover:var(--awb-color5);--button_font_size:15px;--button_margin-top:10px;--button_margin-right:10px;--button_margin-bottom:10px;--button_margin-left:10px;\" target=\"_self\" href=\"https:\/\/aditrea.compsaonline.com\/ca\/adicciones\/cannabis\/\"><span class=\"fusion-button-text\">C\u00e0nnabis<\/span><\/a><\/div><div ><a class=\"fusion-button button-flat fusion-button-default-size button-custom fusion-button-default button-4 fusion-button-default-span fusion-button-default-type\" style=\"--button_accent_color:var(--awb-color8);--button_border_color:var(--awb-color8);--button_accent_hover_color:var(--awb-color1);--button_border_hover_color:var(--awb-color1);--button_gradient_top_color:var(--awb-color3);--button_gradient_bottom_color:var(--awb-color3);--button_gradient_top_color_hover:var(--awb-color5);--button_gradient_bottom_color_hover:var(--awb-color5);--button_font_size:15px;--button_margin-top:10px;--button_margin-right:10px;--button_margin-bottom:10px;--button_margin-left:10px;\" target=\"_self\" href=\"https:\/\/aditrea.compsaonline.com\/ca\/adicciones\/benzodiacepinas\/\"><span class=\"fusion-button-text\">Benzodiazepines<\/span><\/a><\/div><div ><a class=\"fusion-button button-flat fusion-button-default-size button-custom fusion-button-default button-5 fusion-button-default-span fusion-button-default-type\" style=\"--button_accent_color:var(--awb-color8);--button_border_color:var(--awb-color8);--button_accent_hover_color:var(--awb-color1);--button_border_hover_color:var(--awb-color1);--button_gradient_top_color:var(--awb-color3);--button_gradient_bottom_color:var(--awb-color3);--button_gradient_top_color_hover:var(--awb-color5);--button_gradient_bottom_color_hover:var(--awb-color5);--button_font_size:15px;--button_margin-top:10px;--button_margin-right:10px;--button_margin-bottom:10px;--button_margin-left:10px;\" target=\"_self\" href=\"https:\/\/aditrea.compsaonline.com\/ca\/adicciones\/ludopatia\/\"><span class=\"fusion-button-text\">Ludopatia<\/span><\/a><\/div><\/div><\/div><\/div><\/div><div class=\"fusion-fullwidth fullwidth-box fusion-builder-row-2 fusion-flex-container has-pattern-background has-mask-background fusion-parallax-none nonhundred-percent-fullwidth non-hundred-percent-height-scrolling lazyload\" style=\"--awb-background-position:center bottom;--awb-border-radius-top-left:0px;--awb-border-radius-top-right:0px;--awb-border-radius-bottom-right:0px;--awb-border-radius-bottom-left:0px;--awb-padding-top:30px;--awb-padding-bottom:50px;--awb-background-image:linear-gradient(180deg, #ffffff 32%,rgba(255,255,255,0.8) 71%);;--awb-background-size:cover;\" data-bg=\"https:\/\/aditrea.compsaonline.com\/wp-content\/uploads\/2023\/09\/tratamiento-aditrea-01.jpg\" data-bg-gradient=\"linear-gradient(180deg, #ffffff 32%,rgba(255,255,255,0.8) 71%)\" ><div class=\"fusion-builder-row fusion-row fusion-flex-align-items-flex-start fusion-flex-justify-content-center\" style=\"max-width:1248px;margin-left: calc(-4% \/ 2 );margin-right: calc(-4% \/ 2 );\"><div class=\"fusion-layout-column fusion_builder_column fusion-builder-column-1 fusion_builder_column_4_5 4_5 fusion-flex-column fusion-flex-align-self-center fusion-animated\" style=\"--awb-padding-bottom-medium:0px;--awb-bg-size:cover;--awb-width-large:80%;--awb-margin-top-large:0px;--awb-spacing-right-large:20px;--awb-margin-bottom-large:0px;--awb-spacing-left-large:20px;--awb-width-medium:60%;--awb-order-medium:0;--awb-spacing-right-medium:20px;--awb-spacing-left-medium:20px;--awb-width-small:100%;--awb-order-small:0;--awb-spacing-right-small:20px;--awb-spacing-left-small:20px;\" data-animationType=\"fadeInRight\" data-animationDuration=\"1.3\" data-animationOffset=\"top-into-view\"><div class=\"fusion-column-wrapper fusion-column-has-shadow fusion-flex-justify-content-flex-start fusion-content-layout-column\"><div class=\"fusion-text fusion-text-1 fusion-text-no-margin\" style=\"--awb-margin-bottom:10px;\"><p><strong>ADITREA<\/strong> som un centre de desintoxicaci\u00f3 d&#8217;addiccions. Estem especialitzats en el tractament de les addiccions i el nostre prop\u00f2sit \u00e9s neutralitzar els s\u00edmptomes de depend\u00e8ncia de les drogues. D&#8217;aquesta manera, fer que les persones addictes tornin a fer una vida normal.<\/p>\n<\/div><\/div><\/div><\/div><\/div><div class=\"fusion-fullwidth fullwidth-box fusion-builder-row-3 fusion-flex-container has-pattern-background has-mask-background nonhundred-percent-fullwidth non-hundred-percent-height-scrolling\" style=\"--awb-border-radius-top-left:0px;--awb-border-radius-top-right:0px;--awb-border-radius-bottom-right:0px;--awb-border-radius-bottom-left:0px;--awb-padding-top:30px;--awb-padding-bottom:40px;--awb-background-image:linear-gradient(180deg, #ffffff 0%,rgba(255,255,255,0.8) 100%);--awb-background-size:cover;\" ><div class=\"fusion-builder-row fusion-row fusion-flex-align-items-center fusion-flex-justify-content-center\" style=\"max-width:1248px;margin-left: calc(-4% \/ 2 );margin-right: calc(-4% \/ 2 );\"><div class=\"fusion-layout-column fusion_builder_column fusion-builder-column-2 fusion_builder_column_4_5 4_5 fusion-flex-column\" style=\"--awb-bg-size:cover;--awb-width-large:80%;--awb-margin-top-large:0px;--awb-spacing-right-large:20px;--awb-margin-bottom-large:0px;--awb-spacing-left-large:20px;--awb-width-medium:40%;--awb-order-medium:0;--awb-spacing-right-medium:70px;--awb-spacing-left-medium:20px;--awb-width-small:100%;--awb-order-small:0;--awb-spacing-right-small:1.92%;--awb-margin-bottom-small:0px;--awb-spacing-left-small:1.92%;\"><div class=\"fusion-column-wrapper fusion-column-has-shadow fusion-flex-justify-content-flex-start fusion-content-layout-column\"><div class=\"fusion-title title fusion-title-1 fusion-sep-none fusion-title-text fusion-title-size-two\" style=\"--awb-text-color:var(--awb-color7);--awb-margin-top:20px;--awb-margin-bottom:30px;--awb-font-size:29px;\"><h2 class=\"title-heading-left fusion-responsive-typography-calculated\" style=\"margin:0;font-size:1em;--fontSize:29;line-height:1.2;\"><strong>Qu\u00e8 s\u00f3n?<\/strong><\/h2><\/div><div class=\"fusion-text fusion-text-2 fusion-text-no-margin\" style=\"--awb-margin-bottom:10px;\"><p>Definim l&#8217;addicci\u00f3 com qualsevol activitat que una persona no sigui capa\u00e7 de controlar, \u00e9s a dir, que la porti a conductes impulsives i perjudiqui la seva qualitat de vida. Hi ha diverses addiccions, com ara: l&#8217;addicci\u00f3 a la drogodepend\u00e8ncia, l&#8217;alcoholisme, el sexe o el joc.<\/p>\n<p>Totes provoquen una modificaci\u00f3 del comportament dels individus que les pateixen, causada per un impuls irreprimible per consumir qualsevol tipologia de droga o subst\u00e0ncia. L&#8217;addicci\u00f3 es pot produir cap a subst\u00e0ncies qu\u00edmiques, vegetals, aix\u00ed com a activitats i fins i tot a certes relacions interpersonals.<\/p>\n<p>Segons l&#8217;Organitzaci\u00f3 Mundial de la Salut (OMS). Una addicci\u00f3 \u00e9s una malaltia f\u00edsica i emocional. En el sentit tradicional, es tracta d&#8217;una depend\u00e8ncia o una necessitat d&#8217;una subst\u00e0ncia, activitat o relaci\u00f3 causada per la satisfacci\u00f3 que aquesta causa a l&#8217;individu.<\/p>\n<\/div><\/div><\/div><div class=\"fusion-layout-column fusion_builder_column fusion-builder-column-3 fusion_builder_column_4_5 4_5 fusion-flex-column\" style=\"--awb-bg-size:cover;--awb-width-large:80%;--awb-margin-top-large:0px;--awb-spacing-right-large:20px;--awb-margin-bottom-large:0px;--awb-spacing-left-large:20px;--awb-width-medium:40%;--awb-order-medium:0;--awb-spacing-right-medium:70px;--awb-spacing-left-medium:20px;--awb-width-small:100%;--awb-order-small:0;--awb-spacing-right-small:1.92%;--awb-margin-bottom-small:0px;--awb-spacing-left-small:1.92%;\"><div class=\"fusion-column-wrapper fusion-column-has-shadow fusion-flex-justify-content-flex-start fusion-content-layout-column\"><div class=\"fusion-title title fusion-title-2 fusion-sep-none fusion-title-text fusion-title-size-two\" style=\"--awb-text-color:var(--awb-color7);--awb-margin-top:20px;--awb-margin-bottom:30px;--awb-font-size:29px;\"><h2 class=\"title-heading-left fusion-responsive-typography-calculated\" style=\"margin:0;font-size:1em;--fontSize:29;line-height:1.2;\">Quines conseq\u00fc\u00e8ncies tenen en les persones?<\/h2><\/div><div class=\"fusion-text fusion-text-3 fusion-text-no-margin\" style=\"--awb-margin-bottom:10px;\"><p>Les addiccions provoquen conductes impulsives i irreversibles en les persones que les consumeixen i condueixen a fer accions irracionals o contr\u00e0ries a la seva voluntat. Aquest estat de depend\u00e8ncia que provoca l&#8217;addicci\u00f3 \u00e9s una s\u00edndrome o patiment que es presenta a l&#8217;individu a trav\u00e9s de signes i s\u00edmptomes caracter\u00edstics provocats per cadascuna d&#8217;aquestes addiccions.<\/p>\n<\/div><\/div><\/div><div class=\"fusion-layout-column fusion_builder_column fusion-builder-column-4 fusion_builder_column_4_5 4_5 fusion-flex-column\" style=\"--awb-bg-size:cover;--awb-width-large:80%;--awb-margin-top-large:0px;--awb-spacing-right-large:20px;--awb-margin-bottom-large:0px;--awb-spacing-left-large:20px;--awb-width-medium:40%;--awb-order-medium:0;--awb-spacing-right-medium:70px;--awb-spacing-left-medium:20px;--awb-width-small:100%;--awb-order-small:0;--awb-spacing-right-small:1.92%;--awb-margin-bottom-small:0px;--awb-spacing-left-small:1.92%;\"><div class=\"fusion-column-wrapper fusion-column-has-shadow fusion-flex-justify-content-flex-start fusion-content-layout-column\"><div class=\"fusion-title title fusion-title-3 fusion-sep-none fusion-title-text fusion-title-size-two\" style=\"--awb-text-color:var(--awb-color7);--awb-margin-top:20px;--awb-margin-bottom:30px;--awb-font-size:29px;\"><h2 class=\"title-heading-left fusion-responsive-typography-calculated\" style=\"margin:0;font-size:1em;--fontSize:29;line-height:1.2;\">Com afecten el nostre cos?<\/h2><\/div><div class=\"fusion-text fusion-text-4 fusion-text-no-margin\" style=\"--awb-margin-bottom:10px;\"><p>L&#8217;addicci\u00f3 a les drogues \u00e9s una malaltia del cervell, ja que modifiquen la nostra manera de pensar i percebre el m\u00f3n que ens envolta. Aquests canvis poden estendre&#8217;s i empitjorar, arribant a provocar comportaments perillosos a conseq\u00fc\u00e8ncia de les addiccions d&#8217;aquestes persones, per aix\u00f2, des del centre de tractament d&#8217;addiccions ADITREA de Lleida, volem ajudar les persones addictes a les drogues que recuperin el seu estatus social el m\u00e9s r\u00e0pidament i efica\u00e7ment possible.<\/p>\n<p>A difer\u00e8ncia dels simples h\u00e0bits o influ\u00e8ncies que podem tenir, les addiccions consumeixen els pensaments i comportaments de l&#8217;addicte, \u00e9s l&#8217;anomenada s\u00edndrome d&#8217;abstin\u00e8ncia. Tot aix\u00f2 fa que l&#8217;addicte actu\u00ef per aconseguir-ne l&#8217;efecte o la sensaci\u00f3 d&#8217;addicci\u00f3, \u00e9s el que anomenem \u201ccomportaments addictius\u201d.<\/p>\n<p>Aquestes addiccions afecten negativament la vida social i personal de l&#8217;individu, a m\u00e9s de la seva salut f\u00edsica i mental. D&#8217;altra banda, aquestes depend\u00e8ncies limiten la capacitat de funcionar de manera efectiva.<\/p>\n<p>En definitiva, l&#8217;addicci\u00f3 a les drogues i la resta d&#8217;addiccions es defineixen com una malaltia cr\u00f2nica del cervell, que acostuma a tenir recaigudes i caracteritzada per la recerca del plaer de les drogues, sense tenir en compte les conseq\u00fc\u00e8ncies nefastes que aix\u00f2 comporta.<\/p>\n<\/div><\/div><\/div><\/div><\/div><div class=\"fusion-fullwidth fullwidth-box fusion-builder-row-4 fusion-flex-container has-pattern-background has-mask-background fusion-parallax-fixed nonhundred-percent-fullwidth non-hundred-percent-height-scrolling lazyload\" style=\"--link_hover_color: var(--awb-color5);--link_color: var(--awb-color5);--awb-background-blend-mode:overlay;--awb-border-color:var(--awb-color1);--awb-border-radius-top-left:0px;--awb-border-radius-top-right:0px;--awb-border-radius-bottom-right:0px;--awb-border-radius-bottom-left:0px;--awb-padding-top:30px;--awb-padding-bottom:30px;--awb-padding-top-medium:130px;--awb-padding-top-small:70px;--awb-padding-right-small:40px;--awb-padding-bottom-small:70px;--awb-padding-left-small:40px;--awb-margin-bottom-medium:0px;--awb-background-image:linear-gradient(152deg, hsla(var(--awb-color2-h),calc(var(--awb-color2-s) + 100%),var(--awb-color2-l),var(--awb-color2-a)) 0%,hsla(var(--awb-color4-h),calc(var(--awb-color4-s) + 30%),calc(var(--awb-color4-l) + 11%),var(--awb-color4-a)) 70%);;--awb-background-size:contain;background-attachment:fixed;\" data-bg=\"https:\/\/aditrea.compsaonline.com\/wp-content\/uploads\/2023\/05\/bg-logo-aditrea.png\" data-bg-gradient=\"linear-gradient(152deg, hsla(var(--awb-color2-h),calc(var(--awb-color2-s) + 100%),var(--awb-color2-l),var(--awb-color2-a)) 0%,hsla(var(--awb-color4-h),calc(var(--awb-color4-s) + 30%),calc(var(--awb-color4-l) + 11%),var(--awb-color4-a)) 70%)\" ><div class=\"fusion-builder-row fusion-row fusion-flex-align-items-center\" style=\"max-width:1248px;margin-left: calc(-4% \/ 2 );margin-right: calc(-4% \/ 2 );\"><div class=\"fusion-layout-column fusion_builder_column fusion-builder-column-5 fusion_builder_column_2_3 2_3 fusion-flex-column fusion-animated\" style=\"--awb-padding-bottom-medium:0px;--awb-bg-size:cover;--awb-width-large:66.666666666667%;--awb-margin-top-large:0px;--awb-spacing-right-large:2.88%;--awb-margin-bottom-large:9px;--awb-spacing-left-large:55px;--awb-width-medium:60%;--awb-order-medium:0;--awb-spacing-right-medium:3.2%;--awb-spacing-left-medium:20px;--awb-width-small:100%;--awb-order-small:0;--awb-spacing-right-small:1.92%;--awb-spacing-left-small:20px;\" data-animationType=\"fadeInRight\" data-animationDuration=\"1.3\" data-animationOffset=\"top-into-view\"><div class=\"fusion-column-wrapper fusion-column-has-shadow fusion-flex-justify-content-flex-start fusion-content-layout-column\"><div class=\"fusion-title title fusion-title-4 fusion-sep-none fusion-title-text fusion-title-size-two\" style=\"--awb-text-color:var(--awb-color7);--awb-margin-top:20px;--awb-margin-bottom:30px;\"><h2 class=\"title-heading-left fusion-responsive-typography-calculated\" style=\"margin:0;--fontSize:33;line-height:1.2;\">Centre de desintoxicaci\u00f3 d&#8217;addiccions<\/h2><\/div><div class=\"fusion-text fusion-text-5 fusion-text-no-margin\" style=\"--awb-margin-bottom:50px;\"><p style=\"color: var(--awb-color1);\"><span style=\"color: var(--awb-color7);\">El nostre objectiu \u00e9s fer que les persones addictes tornin a fer una vida normal. Estem especialitzats en el tractament de les addiccions i el nostre prop\u00f2sit \u00e9s neutralitzar els s\u00edmptomes de depend\u00e8ncia de les drogues.<\/span><\/p>\n<\/div><\/div><\/div><div class=\"fusion-layout-column fusion_builder_column fusion-builder-column-6 fusion_builder_column_1_3 1_3 fusion-flex-column fusion-animated\" style=\"--awb-padding-bottom-medium:0px;--awb-bg-size:cover;--awb-width-large:33.333333333333%;--awb-margin-top-large:0px;--awb-spacing-right-large:5.76%;--awb-margin-bottom-large:9px;--awb-spacing-left-large:55px;--awb-width-medium:60%;--awb-order-medium:0;--awb-spacing-right-medium:3.2%;--awb-spacing-left-medium:20px;--awb-width-small:100%;--awb-order-small:0;--awb-spacing-right-small:1.92%;--awb-spacing-left-small:20px;\" data-animationType=\"fadeInRight\" data-animationDuration=\"1.3\" data-animationOffset=\"top-into-view\"><div class=\"fusion-column-wrapper fusion-column-has-shadow fusion-flex-justify-content-flex-start fusion-content-layout-column\"><div class=\"sm-text-align-center\"><a class=\"fusion-button button-flat fusion-button-default-size button-custom fusion-button-default button-6 fusion-button-default-span fusion-has-button-gradient\" style=\"--button_bevel_color:var(--awb-color4);--button_bevel_color_hover:var(--awb-color4);--button_accent_color:var(--awb-color1);--button_accent_hover_color:var(--awb-color1);--button_border_hover_color:var(--awb-color1);--button_border_width-top:3px;--button_border_width-right:3px;--button_border_width-bottom:3px;--button_border_width-left:3px;--button_gradient_angle:204deg;--button_gradient_start:7%;--button_gradient_top_color:var(--awb-color2);--button_gradient_bottom_color:var(--awb-color5);--button_gradient_top_color_hover:hsla(var(--awb-color5-h),var(--awb-color5-s),calc(var(--awb-color5-l) - 10%),var(--awb-color5-a));--button_gradient_bottom_color_hover:hsla(var(--awb-color5-h),var(--awb-color5-s),calc(var(--awb-color5-l) - 10%),var(--awb-color5-a));--button_padding-top:18px;--button_padding-right:40px;--button_padding-bottom:18px;--button_padding-left:40px;\" target=\"_self\" data-hover=\"text_slide_up\" href=\"https:\/\/aditrea.compsaonline.com\/contacto\/\"><div class=\"awb-button-text-transition\"><span class=\"fusion-button-text\">CONTACTAR<\/span><span class=\"fusion-button-text\">CONTACTAR<\/span><\/div><\/a><\/div><\/div><\/div><\/div><\/div><\/p>\n","protected":false},"excerpt":{"rendered":"","protected":false},"author":1,"featured_media":2627,"parent":0,"menu_order":0,"comment_status":"closed","ping_status":"closed","template":"100-width.php","meta":{"footnotes":""},"class_list":["post-2681","page","type-page","status-publish","has-post-thumbnail","hentry"],"_links":{"self":[{"href":"https:\/\/aditrea.com\/ca\/wp-json\/wp\/v2\/pages\/2681","targetHints":{"allow":["GET"]}}],"collection":[{"href":"https:\/\/aditrea.com\/ca\/wp-json\/wp\/v2\/pages"}],"about":[{"href":"https:\/\/aditrea.com\/ca\/wp-json\/wp\/v2\/types\/page"}],"author":[{"embeddable":true,"href":"https:\/\/aditrea.com\/ca\/wp-json\/wp\/v2\/users\/1"}],"replies":[{"embeddable":true,"href":"https:\/\/aditrea.com\/ca\/wp-json\/wp\/v2\/comments?post=2681"}],"version-history":[{"count":4,"href":"https:\/\/aditrea.com\/ca\/wp-json\/wp\/v2\/pages\/2681\/revisions"}],"predecessor-version":[{"id":2774,"href":"https:\/\/aditrea.com\/ca\/wp-json\/wp\/v2\/pages\/2681\/revisions\/2774"}],"wp:featuredmedia":[{"embeddable":true,"href":"https:\/\/aditrea.com\/ca\/wp-json\/wp\/v2\/media\/2627"}],"wp:attachment":[{"href":"https:\/\/aditrea.com\/ca\/wp-json\/wp\/v2\/media?parent=2681"}],"curies":[{"name":"wp","href":"https:\/\/api.w.org\/{rel}","templated":true}]}}